{"id":290,"date":"2023-03-01T21:10:59","date_gmt":"2023-03-01T21:10:59","guid":{"rendered":"https:\/\/arkiteka.se\/?page_id=290"},"modified":"2024-04-16T10:32:30","modified_gmt":"2024-04-16T10:32:30","slug":"om-oss","status":"publish","type":"page","link":"https:\/\/arkiteka.se\/en\/om-oss\/","title":{"rendered":"Om oss"},"content":{"rendered":"<div data-elementor-type=\"wp-page\" data-elementor-id=\"290\" class=\"elementor elementor-290\" data-elementor-post-type=\"page\">\n\t\t\t\t\t\t<section class=\"elementor-section elementor-top-section elementor-element elementor-element-64c2845 elementor-section-full_width elementor-section-content-middle elementor-section-height-default elementor-section-height-default\" data-id=\"64c2845\" data-element_type=\"section\" data-settings=\"{&quot;background_background&quot;:&quot;classic&quot;,&quot;sticky&quot;:&quot;top&quot;,&quot;sticky_on&quot;:[&quot;desktop&quot;,&quot;tablet&quot;,&quot;mobile&quot;],&quot;sticky_offset&quot;:0,&quot;sticky_effects_offset&quot;:0}\">\n\t\t\t\t\t\t<div class=\"elementor-container elementor-column-gap-extended\">\n\t\t\t\t\t<div class=\"elementor-column elementor-col-100 elementor-top-column elementor-element elementor-element-515c8a0\" data-id=\"515c8a0\" data-element_type=\"column\">\n\t\t\t<div class=\"elementor-widget-wrap elementor-element-populated\">\n\t\t\t\t\t\t<section class=\"elementor-section elementor-inner-section elementor-element elementor-element-67aa799 elementor-section-content-middle elementor-section-boxed elementor-section-height-default elementor-section-height-default\" data-id=\"67aa799\" data-element_type=\"section\">\n\t\t\t\t\t\t<div class=\"elementor-container elementor-column-gap-no\">\n\t\t\t\t\t<div class=\"elementor-column elementor-col-50 elementor-inner-column elementor-element elementor-element-1850bea\" data-id=\"1850bea\" data-element_type=\"column\">\n\t\t\t<div class=\"elementor-widget-wrap elementor-element-populated\">\n\t\t\t\t\t\t<div class=\"elementor-element elementor-element-2d7f546 elementor-widget-mobile__width-inherit elementor-widget elementor-widget-global elementor-global-2047 elementor-widget-image\" data-id=\"2d7f546\" data-element_type=\"widget\" data-widget_type=\"image.default\">\n\t\t\t\t<div class=\"elementor-widget-container\">\n\t\t\t<style>\/*! elementor - v3.21.0 - 15-04-2024 *\/\n.elementor-widget-image{text-align:center}.elementor-widget-image a{display:inline-block}.elementor-widget-image a img[src$=\".svg\"]{width:48px}.elementor-widget-image img{vertical-align:middle;display:inline-block}<\/style>\t\t\t\t\t\t\t\t\t\t\t<a href=\"https:\/\/arkiteka.se\/en\">\n\t\t\t\t\t\t\t<img fetchpriority=\"high\" decoding=\"async\" width=\"600\" height=\"100\" src=\"https:\/\/arkiteka.se\/wp-content\/uploads\/2023\/04\/arkiteka-1-e1680536456634.png\" class=\"attachment-full size-full wp-image-1831\" alt=\"\" srcset=\"https:\/\/arkiteka.se\/wp-content\/uploads\/2023\/04\/arkiteka-1-e1680536456634.png 600w, https:\/\/arkiteka.se\/wp-content\/uploads\/2023\/04\/arkiteka-1-e1680536456634-300x50.png 300w, https:\/\/arkiteka.se\/wp-content\/uploads\/2023\/04\/arkiteka-1-e1680536456634-18x3.png 18w\" sizes=\"(max-width: 600px) 100vw, 600px\" \/>\t\t\t\t\t\t\t\t<\/a>\n\t\t\t\t\t\t\t\t\t\t\t\t\t<\/div>\n\t\t\t\t<\/div>\n\t\t\t\t\t<\/div>\n\t\t<\/div>\n\t\t\t\t<div class=\"elementor-column elementor-col-50 elementor-inner-column elementor-element elementor-element-69deffd\" data-id=\"69deffd\" data-element_type=\"column\">\n\t\t\t<div class=\"elementor-widget-wrap elementor-element-populated\">\n\t\t\t\t\t\t<div class=\"elementor-element elementor-element-fb3c2e9 elementor-widget-mobile__width-initial elementor-widget elementor-widget-global elementor-global-1941 elementor-widget-full-screen-menu-for-elementor\" data-id=\"fb3c2e9\" data-element_type=\"widget\" data-widget_type=\"full-screen-menu-for-elementor.default\">\n\t\t\t\t<div class=\"elementor-widget-container\">\n\t\t\t\t\t<div class=\"fsmfe-wrapper\">\n\t\t\t<input type=\"checkbox\" id=\"menu-toggle-69f2f16a9fe29\" class=\"menu-toggle\">\n\t\t\t<label for=\"menu-toggle-69f2f16a9fe29\" class=\"icon-bars\">\n\t\t\t\t<span class=\"icon-bar bar-top\"><\/span>\n\t\t\t\t<span class=\"icon-bar bar-middle\"><\/span>\n\t\t\t\t<span class=\"icon-bar bar-bottom\"><\/span>\n\t\t\t<\/label>\n\t\t\t<div class=\"menu-overlay\">\n\t\t\t\t<div class=\"content-type-menu\">\n\t\t\t\t\t<ul id=\"menu-meny\" class=\"content-type-menu\"><li id=\"menu-item-1987\" class=\"menu-item menu-item-type-custom menu-item-object-custom menu-item-has-children menu-item-1987\"><a href=\"https:\/\/arkiteka.se\/en\/\">Projekt<\/a>\n<ul class=\"sub-menu\">\n\t<li id=\"menu-item-986\" class=\"menu-item menu-item-type-post_type menu-item-object-page menu-item-986\"><a href=\"https:\/\/arkiteka.se\/en\/offentlig-arkitektur\/\">Offentlig arkitektur<\/a><\/li>\n\t<li id=\"menu-item-987\" class=\"menu-item menu-item-type-post_type menu-item-object-page menu-item-987\"><a href=\"https:\/\/arkiteka.se\/en\/hus-och-landskap\/\">Hus och landskap<\/a><\/li>\n\t<li id=\"menu-item-988\" class=\"menu-item menu-item-type-post_type menu-item-object-page menu-item-988\"><a href=\"https:\/\/arkiteka.se\/en\/urban-landskapsdesign\/\">Urbana landskap<\/a><\/li>\n\t<li id=\"menu-item-990\" class=\"menu-item menu-item-type-post_type menu-item-object-page menu-item-990\"><a href=\"https:\/\/arkiteka.se\/en\/leklandskap\/\">Leklandskap<\/a><\/li>\n\t<li id=\"menu-item-991\" class=\"menu-item menu-item-type-post_type menu-item-object-page menu-item-991\"><a href=\"https:\/\/arkiteka.se\/en\/urban-mobeldesign\/\">Urban m\u00f6beldesign<\/a><\/li>\n\t<li id=\"menu-item-992\" class=\"menu-item menu-item-type-post_type menu-item-object-page menu-item-992\"><a href=\"https:\/\/arkiteka.se\/en\/asfaltmalning\/\">Dekorativ asfaltm\u00e5lning<\/a><\/li>\n\t<li id=\"menu-item-989\" class=\"menu-item menu-item-type-post_type menu-item-object-page menu-item-989\"><a href=\"https:\/\/arkiteka.se\/en\/aa-lab\/\">AA LAB<\/a><\/li>\n<\/ul>\n<\/li>\n<li id=\"menu-item-998\" class=\"menu-item menu-item-type-post_type menu-item-object-page menu-item-998\"><a href=\"https:\/\/arkiteka.se\/en\/om-oss\/\">Om oss<\/a><\/li>\n<li id=\"menu-item-997\" class=\"menu-item menu-item-type-post_type menu-item-object-page menu-item-has-children menu-item-997\"><a href=\"https:\/\/arkiteka.se\/en\/om-oss-2\/\">Kontakt<\/a>\n<ul class=\"sub-menu\">\n\t<li id=\"menu-item-1096\" class=\"menu-item menu-item-type-post_type menu-item-object-page menu-item-1096\"><a href=\"https:\/\/arkiteka.se\/en\/om-oss-2\/\">Kontaktform<\/a><\/li>\n\t<li id=\"menu-item-999\" class=\"menu-item menu-item-type-custom menu-item-object-custom menu-item-999\"><a href=\"mailto:info@arkiteka.se\">info@arkiteka.se<\/a><\/li>\n\t<li id=\"menu-item-1000\" class=\"menu-item menu-item-type-custom menu-item-object-custom menu-item-1000\"><a>+46 72 914 8530<\/a><\/li>\n\t<li id=\"menu-item-1095\" class=\"menu-item menu-item-type-custom menu-item-object-custom menu-item-1095\"><a href=\"https:\/\/www.linkedin.com\/in\/ilya-kruglyak\/\">LinkedIn<\/a><\/li>\n<\/ul>\n<\/li>\n<\/ul>\t\t\t\t<\/div>\n\t\t\t<\/div>\n\t\t<\/div>\n\t\t\t\t<\/div>\n\t\t\t\t<\/div>\n\t\t\t\t\t<\/div>\n\t\t<\/div>\n\t\t\t\t\t<\/div>\n\t\t<\/section>\n\t\t\t\t<div class=\"elementor-element elementor-element-5ccf18d elementor-nav-menu__align-left elementor-hidden-tablet elementor-hidden-mobile elementor-widget__width-auto elementor-nav-menu--dropdown-tablet elementor-nav-menu__text-align-aside elementor-nav-menu--toggle elementor-nav-menu--burger elementor-widget elementor-widget-nav-menu\" data-id=\"5ccf18d\" data-element_type=\"widget\" data-settings=\"{&quot;layout&quot;:&quot;horizontal&quot;,&quot;submenu_icon&quot;:{&quot;value&quot;:&quot;&lt;i class=\\&quot;fas fa-caret-down\\&quot;&gt;&lt;\\\/i&gt;&quot;,&quot;library&quot;:&quot;fa-solid&quot;},&quot;toggle&quot;:&quot;burger&quot;}\" data-widget_type=\"nav-menu.default\">\n\t\t\t\t<div class=\"elementor-widget-container\">\n\t\t\t<link rel=\"stylesheet\" href=\"https:\/\/arkiteka.se\/wp-content\/plugins\/elementor-pro\/assets\/css\/widget-nav-menu.min.css\">\t\t\t<nav class=\"elementor-nav-menu--main elementor-nav-menu__container elementor-nav-menu--layout-horizontal e--pointer-none\">\n\t\t\t\t<ul id=\"menu-1-5ccf18d\" class=\"elementor-nav-menu\"><li class=\"menu-item menu-item-type-post_type menu-item-object-page menu-item-310\"><a href=\"https:\/\/arkiteka.se\/en\/offentlig-arkitektur\/\" class=\"elementor-item\">Offentlig arkitektur<\/a><\/li>\n<li class=\"menu-item menu-item-type-post_type menu-item-object-page menu-item-311\"><a href=\"https:\/\/arkiteka.se\/en\/hus-och-landskap\/\" class=\"elementor-item\">Hus och landskap<\/a><\/li>\n<li class=\"menu-item menu-item-type-post_type menu-item-object-page menu-item-312\"><a href=\"https:\/\/arkiteka.se\/en\/urban-landskapsdesign\/\" class=\"elementor-item\">Urbana landskap<\/a><\/li>\n<li class=\"menu-item menu-item-type-post_type menu-item-object-page menu-item-314\"><a href=\"https:\/\/arkiteka.se\/en\/leklandskap\/\" class=\"elementor-item\">Leklandskap<\/a><\/li>\n<li class=\"menu-item menu-item-type-post_type menu-item-object-page menu-item-315\"><a href=\"https:\/\/arkiteka.se\/en\/urban-mobeldesign\/\" class=\"elementor-item\">Urban m\u00f6beldesign<\/a><\/li>\n<li class=\"menu-item menu-item-type-post_type menu-item-object-page menu-item-317\"><a href=\"https:\/\/arkiteka.se\/en\/asfaltmalning\/\" class=\"elementor-item\">Dekorativ asfaltm\u00e5lning<\/a><\/li>\n<li class=\"menu-item menu-item-type-post_type menu-item-object-page menu-item-313\"><a href=\"https:\/\/arkiteka.se\/en\/aa-lab\/\" class=\"elementor-item\">AA LAB<\/a><\/li>\n<\/ul>\t\t\t<\/nav>\n\t\t\t\t\t<div class=\"elementor-menu-toggle\" role=\"button\" tabindex=\"0\" aria-label=\"Menu Toggle\" aria-expanded=\"false\">\n\t\t\t<i aria-hidden=\"true\" role=\"presentation\" class=\"elementor-menu-toggle__icon--open eicon-menu-bar\"><\/i><i aria-hidden=\"true\" role=\"presentation\" class=\"elementor-menu-toggle__icon--close eicon-close\"><\/i>\t\t\t<span class=\"elementor-screen-only\">Menu<\/span>\n\t\t<\/div>\n\t\t\t\t\t<nav class=\"elementor-nav-menu--dropdown elementor-nav-menu__container\" aria-hidden=\"true\">\n\t\t\t\t<ul id=\"menu-2-5ccf18d\" class=\"elementor-nav-menu\"><li class=\"menu-item menu-item-type-post_type menu-item-object-page menu-item-310\"><a href=\"https:\/\/arkiteka.se\/en\/offentlig-arkitektur\/\" class=\"elementor-item\" tabindex=\"-1\">Offentlig arkitektur<\/a><\/li>\n<li class=\"menu-item menu-item-type-post_type menu-item-object-page menu-item-311\"><a href=\"https:\/\/arkiteka.se\/en\/hus-och-landskap\/\" class=\"elementor-item\" tabindex=\"-1\">Hus och landskap<\/a><\/li>\n<li class=\"menu-item menu-item-type-post_type menu-item-object-page menu-item-312\"><a href=\"https:\/\/arkiteka.se\/en\/urban-landskapsdesign\/\" class=\"elementor-item\" tabindex=\"-1\">Urbana landskap<\/a><\/li>\n<li class=\"menu-item menu-item-type-post_type menu-item-object-page menu-item-314\"><a href=\"https:\/\/arkiteka.se\/en\/leklandskap\/\" class=\"elementor-item\" tabindex=\"-1\">Leklandskap<\/a><\/li>\n<li class=\"menu-item menu-item-type-post_type menu-item-object-page menu-item-315\"><a href=\"https:\/\/arkiteka.se\/en\/urban-mobeldesign\/\" class=\"elementor-item\" tabindex=\"-1\">Urban m\u00f6beldesign<\/a><\/li>\n<li class=\"menu-item menu-item-type-post_type menu-item-object-page menu-item-317\"><a href=\"https:\/\/arkiteka.se\/en\/asfaltmalning\/\" class=\"elementor-item\" tabindex=\"-1\">Dekorativ asfaltm\u00e5lning<\/a><\/li>\n<li class=\"menu-item menu-item-type-post_type menu-item-object-page menu-item-313\"><a href=\"https:\/\/arkiteka.se\/en\/aa-lab\/\" class=\"elementor-item\" tabindex=\"-1\">AA LAB<\/a><\/li>\n<\/ul>\t\t\t<\/nav>\n\t\t\t\t<\/div>\n\t\t\t\t<\/div>\n\t\t\t\t\t<\/div>\n\t\t<\/div>\n\t\t\t\t\t<\/div>\n\t\t<\/section>\n\t\t\t\t<section class=\"elementor-section elementor-top-section elementor-element elementor-element-6ec494d6 elementor-section-boxed elementor-section-height-default elementor-section-height-default\" data-id=\"6ec494d6\" data-element_type=\"section\">\n\t\t\t\t\t\t<div class=\"elementor-container elementor-column-gap-no\">\n\t\t\t\t\t<div class=\"elementor-column elementor-col-100 elementor-top-column elementor-element elementor-element-64833fdf elementor-invisible\" data-id=\"64833fdf\" data-element_type=\"column\" data-settings=\"{&quot;animation&quot;:&quot;fadeIn&quot;,&quot;motion_fx_motion_fx_scrolling&quot;:&quot;yes&quot;,&quot;motion_fx_range&quot;:&quot;viewport&quot;,&quot;animation_delay&quot;:6,&quot;motion_fx_devices&quot;:[&quot;desktop&quot;,&quot;tablet&quot;,&quot;mobile&quot;]}\">\n\t\t\t<div class=\"elementor-widget-wrap elementor-element-populated\">\n\t\t\t\t\t\t<div class=\"elementor-element elementor-element-bee0c50 elementor-widget elementor-widget-heading\" data-id=\"bee0c50\" data-element_type=\"widget\" data-widget_type=\"heading.default\">\n\t\t\t\t<div class=\"elementor-widget-container\">\n\t\t\t<style>\/*! elementor - v3.21.0 - 15-04-2024 *\/\n.elementor-heading-title{padding:0;margin:0;line-height:1}.elementor-widget-heading .elementor-heading-title[class*=elementor-size-]>a{color:inherit;font-size:inherit;line-height:inherit}.elementor-widget-heading .elementor-heading-title.elementor-size-small{font-size:15px}.elementor-widget-heading .elementor-heading-title.elementor-size-medium{font-size:19px}.elementor-widget-heading .elementor-heading-title.elementor-size-large{font-size:29px}.elementor-widget-heading .elementor-heading-title.elementor-size-xl{font-size:39px}.elementor-widget-heading .elementor-heading-title.elementor-size-xxl{font-size:59px}<\/style><h1 class=\"elementor-heading-title elementor-size-default\">V\u00e4lkommen till v\u00e5r studio<\/h1>\t\t<\/div>\n\t\t\t\t<\/div>\n\t\t\t\t<div class=\"elementor-element elementor-element-25826e11 elementor-widget elementor-widget-text-editor\" data-id=\"25826e11\" data-element_type=\"widget\" data-widget_type=\"text-editor.default\">\n\t\t\t\t<div class=\"elementor-widget-container\">\n\t\t\t<style>\/*! elementor - v3.21.0 - 15-04-2024 *\/\n.elementor-widget-text-editor.elementor-drop-cap-view-stacked .elementor-drop-cap{background-color:#69727d;color:#fff}.elementor-widget-text-editor.elementor-drop-cap-view-framed .elementor-drop-cap{color:#69727d;border:3px solid;background-color:transparent}.elementor-widget-text-editor:not(.elementor-drop-cap-view-default) .elementor-drop-cap{margin-top:8px}.elementor-widget-text-editor:not(.elementor-drop-cap-view-default) .elementor-drop-cap-letter{width:1em;height:1em}.elementor-widget-text-editor .elementor-drop-cap{float:left;text-align:center;line-height:1;font-size:50px}.elementor-widget-text-editor .elementor-drop-cap-letter{display:inline-block}<\/style>\t\t\t\t<p>ARKITEKA \u00e4r en arkitektur, landskapsarkitektur och design studio.<\/p><p>V\u00e5r erfarenhet str\u00e4cker sig fr\u00e5n tidiga skeden till detaljprojektering och drar nytta av v\u00e5r dubbla kompetens inom arkitektur och landskap. Vi samarbetar med diverse experter bland annat inom konstruktion, tillg\u00e4nglighet, biologisk m\u00e5ngfald, ljusdesign och visualisering f\u00f6r att skapa det b\u00e4sta resultatet f\u00f6r best\u00e4llare och slutanv\u00e4ndare.<\/p><div><span style=\"color: #1f1f1f;\">Som ett distansbaserat arkitektf\u00f6retag kan vi hj\u00e4lpa er i hela landet och \u00e4ven med projekt utomlands.<\/span><\/div><p>\u00a0<\/p><p>Har du ett projekt vi kan hj\u00e4lpa dig med? Eller vill du bara s\u00e4ga hej?<br \/>H\u00f6r g\u00e4rna av dig via mejl, telefon eller <a href=\"https:\/\/arkiteka.se\/en\/kontakt\/\"><u>kontaktform<\/u><\/a>.<\/p><div>\u00a0<\/div><div>\u00a0<\/div>\t\t\t\t\t\t<\/div>\n\t\t\t\t<\/div>\n\t\t\t\t\t<\/div>\n\t\t<\/div>\n\t\t\t\t\t<\/div>\n\t\t<\/section>\n\t\t\t\t<section class=\"elementor-section elementor-top-section elementor-element elementor-element-5ed0ae0b elementor-section-stretched elementor-section-boxed elementor-section-height-default elementor-section-height-default\" data-id=\"5ed0ae0b\" data-element_type=\"section\" data-settings=\"{&quot;stretch_section&quot;:&quot;section-stretched&quot;}\">\n\t\t\t\t\t\t<div class=\"elementor-container elementor-column-gap-no\">\n\t\t\t\t\t<div class=\"elementor-column elementor-col-50 elementor-top-column elementor-element elementor-element-7356756e elementor-invisible\" data-id=\"7356756e\" data-element_type=\"column\" data-settings=\"{&quot;animation&quot;:&quot;fadeIn&quot;,&quot;motion_fx_motion_fx_scrolling&quot;:&quot;yes&quot;,&quot;motion_fx_range&quot;:&quot;viewport&quot;,&quot;animation_delay&quot;:3,&quot;motion_fx_devices&quot;:[&quot;desktop&quot;,&quot;tablet&quot;,&quot;mobile&quot;]}\">\n\t\t\t<div class=\"elementor-widget-wrap elementor-element-populated\">\n\t\t\t\t\t\t<div class=\"elementor-element elementor-element-6bce14a elementor-widget elementor-widget-text-editor\" data-id=\"6bce14a\" data-element_type=\"widget\" data-widget_type=\"text-editor.default\">\n\t\t\t\t<div class=\"elementor-widget-container\">\n\t\t\t\t\t\t\t<div><em>Finansiell information:<\/em><\/div>\n<div>&nbsp;<\/div>\n<div>Arkiteka AB<\/div>\n<div>&nbsp;<\/div>\n<div>org. nummer: 559450-5025<\/div>\n<div>&nbsp;<\/div>\n<div><em>Kontakt:<\/em><\/div>\n<div>&nbsp;<\/div>\n<div><a href=\"mailto:info@arkiteka.se\">info@arkiteka.se<\/a><\/div>\n<div>&nbsp;<\/div>\n<div>+46 72 914 8530<\/div>\n<div>&nbsp;<\/div>\t\t\t\t\t\t<\/div>\n\t\t\t\t<\/div>\n\t\t\t\t\t<\/div>\n\t\t<\/div>\n\t\t\t\t<div class=\"elementor-column elementor-col-50 elementor-top-column elementor-element elementor-element-2406d1e elementor-invisible\" data-id=\"2406d1e\" data-element_type=\"column\" data-settings=\"{&quot;motion_fx_motion_fx_scrolling&quot;:&quot;yes&quot;,&quot;motion_fx_range&quot;:&quot;viewport&quot;,&quot;animation&quot;:&quot;fadeIn&quot;,&quot;animation_delay&quot;:3,&quot;motion_fx_devices&quot;:[&quot;desktop&quot;,&quot;tablet&quot;,&quot;mobile&quot;]}\">\n\t\t\t<div class=\"elementor-widget-wrap\">\n\t\t\t\t\t\t\t<\/div>\n\t\t<\/div>\n\t\t\t\t\t<\/div>\n\t\t<\/section>\n\t\t\t\t<\/div>","protected":false},"excerpt":{"rendered":"<p>Projekt Offentlig arkitektur Hus och landskap Urbana landskap Leklandskap Urban m\u00f6beldesign Dekorativ asfaltm\u00e5lning AA LAB Om oss Kontakt Kontaktform info@arkiteka.se +46 72 914 8530 LinkedIn V\u00e4lkommen till v\u00e5r studio ARKITEKA \u00e4r en arkitektur, landskapsarkitektur och design studio. V\u00e5r erfarenhet str\u00e4cker sig fr\u00e5n tidiga skeden till detaljprojektering och drar nytta av v\u00e5r dubbla kompetens inom arkitektur [&hellip;]<\/p>","protected":false},"author":1,"featured_media":2857,"parent":0,"menu_order":8,"comment_status":"closed","ping_status":"closed","template":"elementor_header_footer","meta":{"footnotes":""},"class_list":["post-290","page","type-page","status-publish","has-post-thumbnail","hentry"],"yoast_head":"<!-- This site is optimized with the Yoast SEO plugin v22.3 - https:\/\/yoast.com\/wordpress\/plugins\/seo\/ -->\n<title>Om oss | arkiteka<\/title>\n<meta name=\"description\" content=\"ARKITEKA \u00e4r en arkitektur, landskapsarkitektur och design studio baserat i Stockholm. V\u00e5ra projekt l\u00e4nkar den byggda milj\u00f6n och landskapet.\" \/>\n<meta name=\"robots\" content=\"index, follow, max-snippet:-1, max-image-preview:large, max-video-preview:-1\" \/>\n<link rel=\"canonical\" href=\"https:\/\/arkiteka.se\/en\/om-oss\/\" \/>\n<meta property=\"og:locale\" content=\"en_GB\" \/>\n<meta property=\"og:type\" content=\"article\" \/>\n<meta property=\"og:title\" content=\"Om oss | arkiteka\" \/>\n<meta property=\"og:description\" content=\"ARKITEKA \u00e4r en arkitektur, landskapsarkitektur och design studio baserat i Stockholm. V\u00e5ra projekt l\u00e4nkar den byggda milj\u00f6n och landskapet.\" \/>\n<meta property=\"og:url\" content=\"https:\/\/arkiteka.se\/en\/om-oss\/\" \/>\n<meta property=\"og:site_name\" content=\"arkiteka\" \/>\n<meta property=\"article:modified_time\" content=\"2024-04-16T10:32:30+00:00\" \/>\n<meta property=\"og:image\" content=\"http:\/\/arkiteka.se\/wp-content\/uploads\/2024\/02\/Om-oss.png\" \/>\n\t<meta property=\"og:image:width\" content=\"600\" \/>\n\t<meta property=\"og:image:height\" content=\"338\" \/>\n\t<meta property=\"og:image:type\" content=\"image\/png\" \/>\n<meta name=\"twitter:card\" content=\"summary_large_image\" \/>\n<meta name=\"twitter:label1\" content=\"Estimated reading time\" \/>\n\t<meta name=\"twitter:data1\" content=\"3 minutes\" \/>\n<script type=\"application\/ld+json\" class=\"yoast-schema-graph\">{\"@context\":\"https:\/\/schema.org\",\"@graph\":[{\"@type\":\"WebPage\",\"@id\":\"https:\/\/arkiteka.se\/om-oss\/\",\"url\":\"https:\/\/arkiteka.se\/om-oss\/\",\"name\":\"Om oss | arkiteka\",\"isPartOf\":{\"@id\":\"https:\/\/arkiteka.se\/#website\"},\"primaryImageOfPage\":{\"@id\":\"https:\/\/arkiteka.se\/om-oss\/#primaryimage\"},\"image\":{\"@id\":\"https:\/\/arkiteka.se\/om-oss\/#primaryimage\"},\"thumbnailUrl\":\"https:\/\/arkiteka.se\/wp-content\/uploads\/2024\/02\/Om-oss.png\",\"datePublished\":\"2023-03-01T21:10:59+00:00\",\"dateModified\":\"2024-04-16T10:32:30+00:00\",\"description\":\"ARKITEKA \u00e4r en arkitektur, landskapsarkitektur och design studio baserat i Stockholm. V\u00e5ra projekt l\u00e4nkar den byggda milj\u00f6n och landskapet.\",\"breadcrumb\":{\"@id\":\"https:\/\/arkiteka.se\/om-oss\/#breadcrumb\"},\"inLanguage\":\"en-GB\",\"potentialAction\":[{\"@type\":\"ReadAction\",\"target\":[\"https:\/\/arkiteka.se\/om-oss\/\"]}]},{\"@type\":\"ImageObject\",\"inLanguage\":\"en-GB\",\"@id\":\"https:\/\/arkiteka.se\/om-oss\/#primaryimage\",\"url\":\"https:\/\/arkiteka.se\/wp-content\/uploads\/2024\/02\/Om-oss.png\",\"contentUrl\":\"https:\/\/arkiteka.se\/wp-content\/uploads\/2024\/02\/Om-oss.png\",\"width\":600,\"height\":338},{\"@type\":\"BreadcrumbList\",\"@id\":\"https:\/\/arkiteka.se\/om-oss\/#breadcrumb\",\"itemListElement\":[{\"@type\":\"ListItem\",\"position\":1,\"name\":\"Home\",\"item\":\"https:\/\/arkiteka.se\/\"},{\"@type\":\"ListItem\",\"position\":2,\"name\":\"Om oss\"}]},{\"@type\":\"WebSite\",\"@id\":\"https:\/\/arkiteka.se\/#website\",\"url\":\"https:\/\/arkiteka.se\/\",\"name\":\"arkiteka\",\"description\":\"arkitekt \/ landskapsarkitekt\",\"publisher\":{\"@id\":\"https:\/\/arkiteka.se\/#organization\"},\"potentialAction\":[{\"@type\":\"SearchAction\",\"target\":{\"@type\":\"EntryPoint\",\"urlTemplate\":\"https:\/\/arkiteka.se\/?s={search_term_string}\"},\"query-input\":\"required name=search_term_string\"}],\"inLanguage\":\"en-GB\"},{\"@type\":\"Organization\",\"@id\":\"https:\/\/arkiteka.se\/#organization\",\"name\":\"Arkiteka\",\"url\":\"https:\/\/arkiteka.se\/\",\"logo\":{\"@type\":\"ImageObject\",\"inLanguage\":\"en-GB\",\"@id\":\"https:\/\/arkiteka.se\/#\/schema\/logo\/image\/\",\"url\":\"https:\/\/arkiteka.se\/wp-content\/uploads\/2023\/02\/arkiteka-logo.jpg\",\"contentUrl\":\"https:\/\/arkiteka.se\/wp-content\/uploads\/2023\/02\/arkiteka-logo.jpg\",\"width\":1200,\"height\":675,\"caption\":\"Arkiteka\"},\"image\":{\"@id\":\"https:\/\/arkiteka.se\/#\/schema\/logo\/image\/\"}}]}<\/script>\n<!-- \/ Yoast SEO plugin. -->","yoast_head_json":{"title":"Om oss | arkiteka","description":"ARKITEKA \u00e4r en arkitektur, landskapsarkitektur och design studio baserat i Stockholm. V\u00e5ra projekt l\u00e4nkar den byggda milj\u00f6n och landskapet.","robots":{"index":"index","follow":"follow","max-snippet":"max-snippet:-1","max-image-preview":"max-image-preview:large","max-video-preview":"max-video-preview:-1"},"canonical":"https:\/\/arkiteka.se\/en\/om-oss\/","og_locale":"en_GB","og_type":"article","og_title":"Om oss | arkiteka","og_description":"ARKITEKA \u00e4r en arkitektur, landskapsarkitektur och design studio baserat i Stockholm. V\u00e5ra projekt l\u00e4nkar den byggda milj\u00f6n och landskapet.","og_url":"https:\/\/arkiteka.se\/en\/om-oss\/","og_site_name":"arkiteka","article_modified_time":"2024-04-16T10:32:30+00:00","og_image":[{"width":600,"height":338,"url":"http:\/\/arkiteka.se\/wp-content\/uploads\/2024\/02\/Om-oss.png","type":"image\/png"}],"twitter_card":"summary_large_image","twitter_misc":{"Estimated reading time":"3 minutes"},"schema":{"@context":"https:\/\/schema.org","@graph":[{"@type":"WebPage","@id":"https:\/\/arkiteka.se\/om-oss\/","url":"https:\/\/arkiteka.se\/om-oss\/","name":"Om oss | arkiteka","isPartOf":{"@id":"https:\/\/arkiteka.se\/#website"},"primaryImageOfPage":{"@id":"https:\/\/arkiteka.se\/om-oss\/#primaryimage"},"image":{"@id":"https:\/\/arkiteka.se\/om-oss\/#primaryimage"},"thumbnailUrl":"https:\/\/arkiteka.se\/wp-content\/uploads\/2024\/02\/Om-oss.png","datePublished":"2023-03-01T21:10:59+00:00","dateModified":"2024-04-16T10:32:30+00:00","description":"ARKITEKA \u00e4r en arkitektur, landskapsarkitektur och design studio baserat i Stockholm. V\u00e5ra projekt l\u00e4nkar den byggda milj\u00f6n och landskapet.","breadcrumb":{"@id":"https:\/\/arkiteka.se\/om-oss\/#breadcrumb"},"inLanguage":"en-GB","potentialAction":[{"@type":"ReadAction","target":["https:\/\/arkiteka.se\/om-oss\/"]}]},{"@type":"ImageObject","inLanguage":"en-GB","@id":"https:\/\/arkiteka.se\/om-oss\/#primaryimage","url":"https:\/\/arkiteka.se\/wp-content\/uploads\/2024\/02\/Om-oss.png","contentUrl":"https:\/\/arkiteka.se\/wp-content\/uploads\/2024\/02\/Om-oss.png","width":600,"height":338},{"@type":"BreadcrumbList","@id":"https:\/\/arkiteka.se\/om-oss\/#breadcrumb","itemListElement":[{"@type":"ListItem","position":1,"name":"Home","item":"https:\/\/arkiteka.se\/"},{"@type":"ListItem","position":2,"name":"Om oss"}]},{"@type":"WebSite","@id":"https:\/\/arkiteka.se\/#website","url":"https:\/\/arkiteka.se\/","name":"arkiteka","description":"arkitekt \/ landskapsarkitekt","publisher":{"@id":"https:\/\/arkiteka.se\/#organization"},"potentialAction":[{"@type":"SearchAction","target":{"@type":"EntryPoint","urlTemplate":"https:\/\/arkiteka.se\/?s={search_term_string}"},"query-input":"required name=search_term_string"}],"inLanguage":"en-GB"},{"@type":"Organization","@id":"https:\/\/arkiteka.se\/#organization","name":"Arkiteka","url":"https:\/\/arkiteka.se\/","logo":{"@type":"ImageObject","inLanguage":"en-GB","@id":"https:\/\/arkiteka.se\/#\/schema\/logo\/image\/","url":"https:\/\/arkiteka.se\/wp-content\/uploads\/2023\/02\/arkiteka-logo.jpg","contentUrl":"https:\/\/arkiteka.se\/wp-content\/uploads\/2023\/02\/arkiteka-logo.jpg","width":1200,"height":675,"caption":"Arkiteka"},"image":{"@id":"https:\/\/arkiteka.se\/#\/schema\/logo\/image\/"}}]}},"_links":{"self":[{"href":"https:\/\/arkiteka.se\/en\/wp-json\/wp\/v2\/pages\/290","targetHints":{"allow":["GET"]}}],"collection":[{"href":"https:\/\/arkiteka.se\/en\/wp-json\/wp\/v2\/pages"}],"about":[{"href":"https:\/\/arkiteka.se\/en\/wp-json\/wp\/v2\/types\/page"}],"author":[{"embeddable":true,"href":"https:\/\/arkiteka.se\/en\/wp-json\/wp\/v2\/users\/1"}],"replies":[{"embeddable":true,"href":"https:\/\/arkiteka.se\/en\/wp-json\/wp\/v2\/comments?post=290"}],"version-history":[{"count":198,"href":"https:\/\/arkiteka.se\/en\/wp-json\/wp\/v2\/pages\/290\/revisions"}],"predecessor-version":[{"id":3046,"href":"https:\/\/arkiteka.se\/en\/wp-json\/wp\/v2\/pages\/290\/revisions\/3046"}],"wp:featuredmedia":[{"embeddable":true,"href":"https:\/\/arkiteka.se\/en\/wp-json\/wp\/v2\/media\/2857"}],"wp:attachment":[{"href":"https:\/\/arkiteka.se\/en\/wp-json\/wp\/v2\/media?parent=290"}],"curies":[{"name":"wp","href":"https:\/\/api.w.org\/{rel}","templated":true}]}}